{"id":961,"date":"2025-07-03T18:51:34","date_gmt":"2025-07-03T18:51:34","guid":{"rendered":"https:\/\/congeladossarrianos.es\/politica-de-privacidade\/"},"modified":"2026-04-27T14:34:18","modified_gmt":"2026-04-27T14:34:18","slug":"politica-de-privacidade","status":"publish","type":"page","link":"https:\/\/congeladossarrianos.es\/gl\/politica-de-privacidade\/","title":{"rendered":"Pol\u00edtica de privacidade"},"content":{"rendered":"\t\t<div data-elementor-type=\"wp-page\" data-elementor-id=\"961\" class=\"elementor elementor-961 elementor-3\">\n\t\t\t\t<div class=\"elementor-element elementor-element-35010c5a e-flex e-con-boxed e-con e-parent\" data-id=\"35010c5a\" data-element_type=\"container\" data-e-type=\"container\">\n\t\t\t\t\t<div class=\"e-con-inner\">\n\t\t\t\t<div class=\"elementor-element elementor-element-40929abc elementor-widget elementor-widget-text-editor\" data-id=\"40929abc\" data-element_type=\"widget\" data-e-type=\"widget\" data-widget_type=\"text-editor.default\">\n\t\t\t\t\t\t\t\t\t<div style=\"max-width: 680px; font-family: sans-serif; color: #1a1a1a; line-height: 1.7; font-size: 15px;\">\n<p style=\"color: #666; font-size: 13px; margin: 0 0 1.5rem;\">\u00daltima actualizaci\u00f3n: [abril de 2026]<\/p>\n<p>A seguinte pol\u00edtica de privacidade ten como obxectivo informarte sobre como usamos a t\u00faa informaci\u00f3n persoal de conformidade coas disposici\u00f3ns e requisitos do Regulamento Xeral de Protecci\u00f3n de Datos Europeo.<\/p>\n<h3 style=\"font-size: 16px; font-weight: 600; margin: 1.5rem 0 0.5rem;\">Quen \u00e9 o responsable do tratamento dos teus datos?<\/h3>\n<table style=\"font-size: 14px; width: 100%; border-collapse: collapse; margin-bottom: 1rem;\">\n<tbody>\n<tr>\n <td style=\"color: #666; padding: 4px 16px 4px 0; width: 160px; vertical-align: top;\">Identidade<\/td>\n <td style=\"padding: 4px 0;\">Alimentos Conxelados Sarrian, SL<\/td>\n<\/tr>\n<tr>\n <td style=\"color: #666; padding: 4px 16px 4px 0; vertical-align: top;\">NIF<\/td>\n <td style=\"padding: 4px 0;\">B27213628<\/td>\n<\/tr>\n<tr>\n<td style=\"color: #666; padding: 4px 16px 4px 0; vertical-align: top;\">&nbsp;  Domicilio social<\/td>\n<td style=\"padding: 4px 0;\">&nbsp;  Lg. Betote, s\/n &#8211; 27617 &#8211; Sarria (Lugo) <\/td>\n<\/tr>\n<tr>\n <td style=\"color: #666; padding: 4px 16px 4px 0; vertical-align: top;\">Tel\u00e9fono<\/td>\n <td style=\"padding: 4px 0;\">982 53 03 34<\/td>\n<\/tr>\n<tr>\n <td style=\"color: #666; padding: 4px 16px 4px 0; vertical-align: top;\">Correo electr\u00f3nico<\/td>\n <td style=\"padding: 4px 0;\">administraci\u00f3n@congeladossarrianos.com<\/td>\n<\/tr>\n<\/tbody>\n<\/table>\n<h3 style=\"font-size: 16px; font-weight: 600; margin: 1.5rem 0 0.5rem;\">Con que finalidade procesamos os seus datos persoais?<\/h3>\n<p>En Congelados Sarrianos, SL, tratamos os seus datos persoais proporcionados a trav\u00e9s do formulario de contacto co fin de responder \u00e1 s\u00faa consulta e\/ou enviarlle a informaci\u00f3n que solicita. As\u00ed mesmo, inform\u00e1moslle de que Congelados Sarrianos, SL non tomar\u00e1 ningunha decisi\u00f3n automatizada con respecto aos datos persoais proporcionados. <\/p>\n<h3 style=\"font-size: 16px; font-weight: 600; margin: 1.5rem 0 0.5rem;\">Canto tempo conservaremos os teus datos?<\/h3>\n<p>Conservaremos os seus datos persoais durante o tempo que sexa necesario para responder \u00e1 s\u00faa solicitude de informaci\u00f3n ou consulta, procedendo \u00e1 s\u00faa eliminaci\u00f3n unha vez que deixen de ser \u00fatiles para a entidade ou se solicita a baixa de Congelados Sarrianos, SL, opo\u00f1\u00e9ndose ou revogando o seu consentimento.<\/p>\n<h3 style=\"font-size: 16px; font-weight: 600; margin: 1.5rem 0 0.5rem;\">Cal \u00e9 a base xur\u00eddica para o tratamento dos seus datos?<\/h3>\n<p>No caso de que solicite informaci\u00f3n a trav\u00e9s do noso sitio web, a base xur\u00eddica para o tratamento dos seus datos \u00e9 o consentimento expl\u00edcito e inequ\u00edvoco que nos presta mediante a aceptaci\u00f3n expl\u00edcita desta pol\u00edtica de privacidade.<\/p>\n<h3 style=\"font-size: 16px; font-weight: 600; margin: 1.5rem 0 0.5rem;\">A quen se lle comunicar\u00e1n os seus datos?<\/h3>\n<p>Congelados Sarrianos, SL non divulgar\u00e1 os seus datos persoais ag\u00e1s cando as autoridades competentes o esixan legalmente. Non obstante, Congelados Sarrianos, SL pode compartir informaci\u00f3n persoal con empresas ou socios esenciais para proporcionarlle a informaci\u00f3n que solicita. Estes socios asinaron un contrato que garante a confidencialidade e a seguridade dos seus datos. Non est\u00e1n previstas transferencias internacionais dos seus datos persoais a terceiros pa\u00edses.  <\/p>\n<h3 style=\"font-size: 16px; font-weight: 600; margin: 1.5rem 0 0.5rem;\">Cales son os seus dereitos cando nos proporciona os seus datos?<\/h3>\n<p>Segundo as disposici\u00f3ns do RGPD, podes solicitar:<\/p>\n<ul style=\"padding-left: 1.25rem; margin: 0.5rem 0 1rem;\">\n<li style=\"margin-bottom: 0.5rem;\"><strong>Dereito de acceso:<\/strong> para solicitar informaci\u00f3n sobre os datos persoais que temos.<\/li>\n<li style=\"margin-bottom: 0.5rem;\"><strong>Dereito de rectificaci\u00f3n:<\/strong> para comunicar calquera cambio nos seus datos persoais.<\/li>\n<li style=\"margin-bottom: 0.5rem;\"><strong>Dereito \u00e1 supresi\u00f3n e ao esquecemento:<\/strong> solicitar a supresi\u00f3n dos datos persoais despois de bloquealos.<\/li>\n<li style=\"margin-bottom: 0.5rem;\"><strong>Dereito \u00e1 limitaci\u00f3n do tratamento:<\/strong> restrinxir o tratamento de datos persoais.<\/li>\n<li style=\"margin-bottom: 0.5rem;\"><strong>Dereito de oposici\u00f3n:<\/strong> Pode retirar o seu consentimento para o tratamento dos seus datos, opo\u00f1\u00e9ndose a que se contin\u00fae co tratamento.<\/li>\n<li style=\"margin-bottom: 0.5rem;\"><strong>Dereito \u00e1 portabilidade:<\/strong> solicitar unha copia dos datos persoais nun formato estruturado, de uso com\u00fan e lexible por m\u00e1quina para a s\u00faa transmisi\u00f3n a outro responsable do tratamento.<\/li>\n<li style=\"margin-bottom: 0.5rem;\"><strong>Dereito a non ser obxecto de decisi\u00f3ns automatizadas:<\/strong> solicitar que non se tomen decisi\u00f3ns baseadas unicamente no tratamento automatizado, inclu\u00edda a elaboraci\u00f3n de perf\u00eds, que produzan efectos xur\u00eddicos ou afecten significativamente ao interesado.<\/li>\n<li style=\"margin-bottom: 0.5rem;\"><strong>Dereito a retirar o consentimento:<\/strong> en calquera momento sen que iso invalide a lexitimidade do tratamento que se levou a cabo desde o momento en que se outorgou o consentimento ata que o retiras.<\/li>\n<\/ul>\n<p>Polo tanto, Congelados Sarrianos, SL inf\u00f3rmache de que, en calquera momento e de forma gratu\u00edta, podes exercer os dereitos antes mencionados solicitando os formularios pertinentes a trav\u00e9s do correo electr\u00f3nico ou no enderezo indicado no primeiro punto desta pol\u00edtica de privacidade.<\/p>\n<p>Cada solicitude para exercer os seus dereitos que nos env\u00ede debe inclu\u00edr a referencia \"Exercicio dos dereitos do RGPD\" no asunto e conter a seguinte informaci\u00f3n: o seu nome completo, enderezo a efectos de notificaci\u00f3ns, unha fotocopia do seu Documento Nacional de Identidade ou Pasaporte e a solicitude espec\u00edfica que realiza. Se exerce estes dereitos en nome doutra persoa, debe achegar un documento que acredite de forma fiable a s\u00faa representaci\u00f3n legal. <\/p>\n<p>Se considera que non se respectou alg\u00fan dos dereitos mencionados anteriormente, ten dereito a presentar unha reclamaci\u00f3n ante a <a href=\"https:\/\/www.aepd.es\/portalwebAGPD\/index-ides-idphp.php\" target=\"_blank\" rel=\"noopener\">Axencia Espa\u00f1ola de Protecci\u00f3n de Datos<\/a> .<\/p>\n<\/div>\t\t\t\t\t\t\t\t<\/div>\n\t\t\t\t\t<\/div>\n\t\t\t\t<\/div>\n\t\t\t\t<\/div>\n\t\t","protected":false},"excerpt":{"rendered":"<p>\u00daltima actualizaci\u00f3n: [abril de 2026] A seguinte pol\u00edtica de privacidade ten como obxectivo informarte sobre como usamos a t\u00faa informaci\u00f3n [&hellip;]<\/p>\n","protected":false},"author":1,"featured_media":0,"parent":0,"menu_order":0,"comment_status":"closed","ping_status":"closed","template":"","meta":{"site-sidebar-layout":"default","site-content-layout":"","ast-site-content-layout":"default","site-content-style":"default","site-sidebar-style":"default","ast-global-header-display":"","ast-banner-title-visibility":"","ast-main-header-display":"","ast-hfb-above-header-display":"","ast-hfb-below-header-display":"","ast-hfb-mobile-header-display":"","site-post-title":"","ast-breadcrumbs-content":"","ast-featured-img":"","footer-sml-layout":"","theme-transparent-header-meta":"","adv-header-id-meta":"","stick-header-meta":"","header-above-stick-meta":"","header-main-stick-meta":"","header-below-stick-meta":"","astra-migrate-meta-layouts":"default","ast-page-background-enabled":"default","ast-page-background-meta":{"desktop":{"background-color":"var(--ast-global-color-5)","background-image":"","background-repeat":"repeat","background-position":"center center","background-size":"auto","background-attachment":"scroll","background-type":"","background-media":"","overlay-type":"","overlay-color":"","overlay-opacity":"","overlay-gradient":""},"tablet":{"background-color":"","background-image":"","background-repeat":"repeat","background-position":"center center","background-size":"auto","background-attachment":"scroll","background-type":"","background-media":"","overlay-type":"","overlay-color":"","overlay-opacity":"","overlay-gradient":""},"mobile":{"background-color":"","background-image":"","background-repeat":"repeat","background-position":"center center","background-size":"auto","background-attachment":"scroll","background-type":"","background-media":"","overlay-type":"","overlay-color":"","overlay-opacity":"","overlay-gradient":""}},"ast-content-background-meta":{"desktop":{"background-color":"var(--ast-global-color-4)","background-image":"","background-repeat":"repeat","background-position":"center center","background-size":"auto","background-attachment":"scroll","background-type":"","background-media":"","overlay-type":"","overlay-color":"","overlay-opacity":"","overlay-gradient":""},"tablet":{"background-color":"var(--ast-global-color-4)","background-image":"","background-repeat":"repeat","background-position":"center center","background-size":"auto","background-attachment":"scroll","background-type":"","background-media":"","overlay-type":"","overlay-color":"","overlay-opacity":"","overlay-gradient":""},"mobile":{"background-color":"var(--ast-global-color-4)","background-image":"","background-repeat":"repeat","background-position":"center center","background-size":"auto","background-attachment":"scroll","background-type":"","background-media":"","overlay-type":"","overlay-color":"","overlay-opacity":"","overlay-gradient":""}},"footnotes":""},"class_list":["post-961","page","type-page","status-publish","hentry"],"_links":{"self":[{"href":"https:\/\/congeladossarrianos.es\/gl\/wp-json\/wp\/v2\/pages\/961","targetHints":{"allow":["GET"]}}],"collection":[{"href":"https:\/\/congeladossarrianos.es\/gl\/wp-json\/wp\/v2\/pages"}],"about":[{"href":"https:\/\/congeladossarrianos.es\/gl\/wp-json\/wp\/v2\/types\/page"}],"author":[{"embeddable":true,"href":"https:\/\/congeladossarrianos.es\/gl\/wp-json\/wp\/v2\/users\/1"}],"replies":[{"embeddable":true,"href":"https:\/\/congeladossarrianos.es\/gl\/wp-json\/wp\/v2\/comments?post=961"}],"version-history":[{"count":2,"href":"https:\/\/congeladossarrianos.es\/gl\/wp-json\/wp\/v2\/pages\/961\/revisions"}],"predecessor-version":[{"id":1139,"href":"https:\/\/congeladossarrianos.es\/gl\/wp-json\/wp\/v2\/pages\/961\/revisions\/1139"}],"wp:attachment":[{"href":"https:\/\/congeladossarrianos.es\/gl\/wp-json\/wp\/v2\/media?parent=961"}],"curies":[{"name":"wp","href":"https:\/\/api.w.org\/{rel}","templated":true}]}}