{"id":982,"date":"2025-07-16T10:13:05","date_gmt":"2025-07-16T10:13:05","guid":{"rendered":"https:\/\/congeladossarrianos.es\/aviso-legal\/"},"modified":"2026-04-28T16:44:56","modified_gmt":"2026-04-28T16:44:56","slug":"aviso-legal","status":"publish","type":"page","link":"https:\/\/congeladossarrianos.es\/gl\/aviso-legal\/","title":{"rendered":"Aviso legal"},"content":{"rendered":"\t\t<div data-elementor-type=\"wp-page\" data-elementor-id=\"982\" class=\"elementor elementor-982 elementor-301\">\n\t\t\t\t<div class=\"elementor-element elementor-element-7d988f5 e-flex e-con-boxed e-con e-parent\" data-id=\"7d988f5\" data-element_type=\"container\" data-e-type=\"container\">\n\t\t\t\t\t<div class=\"e-con-inner\">\n\t\t\t\t<div class=\"elementor-element elementor-element-cd369cf elementor-widget elementor-widget-text-editor\" data-id=\"cd369cf\" data-element_type=\"widget\" data-e-type=\"widget\" data-widget_type=\"text-editor.default\">\n\t\t\t\t\t\t\t\t\t<div style=\"max-width: 680px; font-family: sans-serif; color: #1a1a1a; line-height: 1.7; font-size: 15px;\"><p style=\"color: #666; font-size: 13px; margin: 0 0 1.5rem;\">\u00daltima actualizaci\u00f3n: abril de 2026<\/p><p>En cumprimento do disposto no artigo 10 da Lei 34\/2002, do 11 de xullo, de Servizos da Sociedade da Informaci\u00f3n e de Comercio Electr\u00f3nico (LSSI-CE), inf\u00f3rmase de que este sitio web, co dominio www.congeladossarrianos.com, \u00e9 propiedade de Congelados Sarrianos, SL<\/p><p>A entidade responsable do servizo prestado a trav\u00e9s do sitio web \u00e9:<\/p><table style=\"font-size: 14px; width: 100%; border-collapse: collapse; margin-bottom: 1.5rem;\"><tbody><tr><td style=\"color: #666; padding: 4px 16px 4px 10px; width: 200px; vertical-align: top;\">Entidade<\/td> <td style=\"padding: 4px 0 4px 10px;\">Congelados Sarrianos, SL<\/td><\/tr><tr><td style=\"color: #666; padding: 4px 16px 4px 10px; vertical-align: top;\">Inicio<\/td><td style=\"padding: 4px 0 4px 10px;\">Lg. Betote, s\/n, CP 27617, en Sarria (Lugo) <\/td><\/tr><tr><td style=\"color: #666; padding: 4px 16px 4px 10px; vertical-align: top;\">Tel\u00e9fono<\/td> <td style=\"padding: 4px 0 4px 10px;\">982 53 03 34<\/td><\/tr><tr><td style=\"color: #666; padding: 4px 16px 4px 10px; vertical-align: top;\">Enderezo de correo electr\u00f3nico<\/td> <td style=\"padding: 4px 0 4px 10px;\">administracion@congeladossarrianos.com<\/td><\/tr><tr><td style=\"color: #666; padding: 4px 16px 4px 10px; vertical-align: top;\">NIF<\/td> <td style=\"padding: 4px 0 4px 10px;\">B-27.213.628<\/td><\/tr><tr><td style=\"color: #666; padding: 4px 16px 4px 10px; vertical-align: top;\">Rexistro Mercantil<\/td> <td style=\"padding: 4px 0 4px 10px;\">Inscrita no Rexistro Mercantil de LUGO, Folio 198, Tomo 234 da Folla LU-5025, Inscrici\u00f3n 1\u00aa.<\/td><\/tr><tr><td style=\"color: #666; padding: 4px 16px 4px 10px; vertical-align: top;\">N\u00famero de rexistro sanitario<\/td> <td style=\"padding: 4px 0 4px 10px;\">40.13591\/LU<\/td><\/tr><\/tbody><\/table><h3 style=\"font-size: 16px; font-weight: 600; margin: 1.75rem 0 0.75rem;\">TERMOS E CONDICI\u00d3NS<\/h3><h3 style=\"font-size: 15px; font-weight: 600; margin: 1.25rem 0 0.5rem;\">1. USUARIOS<\/h3><p>O acceso e\/ou uso deste portal de Congelados Sarrianos, SL atrib\u00fae a condici\u00f3n de USUARIO, que acepta, desde devandito acceso e\/ou uso, as Condici\u00f3ns Xerais de Uso aqu\u00ed reflectidas.<\/p><h3 style=\"font-size: 15px; font-weight: 600; margin: 1.25rem 0 0.5rem;\">2. USO DO PORTAL<\/h3><p>www.congeladossarrianos.com proporciona acceso a multitude de informaci\u00f3n, datos e fotograf\u00edas (en diante, \"o contido\") en Internet pertencentes a Congelados Sarrianos, SL. O USUARIO asume a responsabilidade do uso do portal. O USUARIO comprom\u00e9tese a facer un uso axeitado dos contidos e servizos (como servizos de chat, foros de discusi\u00f3n ou grupos de noticias que se poidan crear dentro do portal) que Congelados Sarrianos, SL ofrece a trav\u00e9s do seu portal e, a t\u00edtulo enunciativo pero non limitativo, comprom\u00e9tese a non empregalos para (i) incorrer en actividades il\u00edcitas, ilegais ou contrarias \u00e1 boa fe e \u00e1 orde p\u00fablica; (ii) difundir contidos ou propaganda de car\u00e1cter racista, xen\u00f3fobo, pornogr\u00e1fico ou ilegal, ou que constit\u00faan apolox\u00eda do terrorismo ou atentado contra os dereitos humanos; (iii) causar danos nos sistemas f\u00edsicos e l\u00f3xicos de Congelados Sarrianos, SL, dos seus provedores ou de terceiros, ou introducir ou difundir virus inform\u00e1ticos ou calquera outros sistemas f\u00edsicos ou l\u00f3xicos que poidan causar os danos anteriormente mencionados; (iv) Intentar acceder e, se \u00e9 o caso, utilizar as contas de correo electr\u00f3nico doutros usuarios e modificar ou manipular as s\u00faas mensaxes. Congelados Sarrianos, SL res\u00e9rvase o dereito de eliminar calquera comentario e achega que vulnere o respecto \u00e1 dignidade humana, sexa discriminatorio, xen\u00f3fobo, racista, pornogr\u00e1fico, prexudicial para os menores, que ameace a orde ou a seguridade p\u00fablica, ou que, na s\u00faa opini\u00f3n, non sexan axeitados para a s\u00faa publicaci\u00f3n. En calquera caso, Congelados Sarrianos, SL non ser\u00e1 responsable das opini\u00f3ns vertidas polos usuarios a trav\u00e9s dos foros, chats ou outras ferramentas de participaci\u00f3n que se poidan crear dentro da p\u00e1xina web corporativa, as\u00ed como nos perf\u00eds oficiais de Congelados Sarrianos, SL nas redes sociais.       <\/p><h3 style=\"font-size: 15px; font-weight: 600; margin: 1.25rem 0 0.5rem;\">3. PROTECCI\u00d3N DE DATOS<\/h3><p>Congelados Sarrianos, SL cumpre coas directrices e obrigas reguladas no REGULAMENTO (UE) 2016\/679 DO PARLAMENTO EUROPEO E DO CONSELLO do 27 de abril de 2016 relativo \u00e1 protecci\u00f3n das persoas f\u00edsicas no que respecta ao tratamento de datos persoais e \u00e1 libre circulaci\u00f3n destes datos, a Lei Org\u00e1nica 3\/2018, do 5 de decembro, de protecci\u00f3n de datos e garant\u00eda dos dereitos dixitais e demais normativa vixente sobre protecci\u00f3n de datos en cada momento, e garante o correcto uso e tratamento dos datos persoais utilizados nos seus sistemas de informaci\u00f3n, as\u00ed como a s\u00faa confidencialidade, integridade, dispo\u00f1ibilidade e resiliencia en todo momento.<\/p><h3 style=\"font-size: 15px; font-weight: 600; margin: 1.25rem 0 0.5rem;\">4. PROPIEDADE INTELECTUAL E INDUSTRIAL<\/h3><p>Congelados Sarrianos, SL, xa sexa directamente ou como cesionaria, \u00e9 titular de todos os dereitos de propiedade intelectual e industrial do seu sitio web, as\u00ed como dos elementos contidos nel (inclu\u00edndo, entre outros, imaxes, son, audio, v\u00eddeo, software ou textos; marcas comerciais ou logotipos, combinaci\u00f3ns de cores, estrutura e dese\u00f1o, selecci\u00f3n de materiais empregados, programas inform\u00e1ticos necesarios para o seu funcionamento, acceso e uso, etc.), que son titularidade de Congelados Sarrianos, SL ou dos seus licenciantes. Todos os dereitos reservados. De conformidade cos artigos 8 e 32.1, par\u00e1grafo segundo, da Lei de Propiedade Intelectual, proh\u00edbese expresamente a reproduci\u00f3n, distribuci\u00f3n e comunicaci\u00f3n p\u00fablica, inclu\u00edda a s\u00faa posta a disposici\u00f3n, de todo ou parte do contido deste sitio web con fins comerciais, en calquera soporte e por calquera medio t\u00e9cnico, sen a autorizaci\u00f3n de Congelados Sarrianos, SL. O USUARIO comprom\u00e9tese a respectar os dereitos de Propiedade Intelectual e Industrial titularidade de Congelados Sarrianos, SL. O USUARIO poder\u00e1 visualizar os elementos do portal e mesmo imprimilos, copialos e almacenalos no disco duro do seu ordenador ou en calquera outro soporte f\u00edsico, sempre que sexa, \u00fanica e exclusivamente, para o seu uso persoal e privado. O USUARIO deber\u00e1 absterse de suprimir, alterar, eludir ou manipular calquera dispositivo de protecci\u00f3n ou sistema de seguridade que estea instalado no sitio web de Congelados Sarrianos, SL.   <\/p><h3 style=\"font-size: 15px; font-weight: 600; margin: 1.25rem 0 0.5rem;\">5. EXCLUSI\u00d3N DE GARANT\u00cdAS E RESPONSABILIDADE<\/h3><p>Congelados Sarrianos, SL non se fai responsable, baixo ningunha circunstancia, dos danos e perdas de calquera natureza que poidan causar, a t\u00edtulo enunciativo, pero non limitativo: erros ou omisi\u00f3ns nos contidos, falta de dispo\u00f1ibilidade do portal ou a transmisi\u00f3n de virus ou programas maliciosos ou lesivos nos contidos, a pesar de ter adoptado todas as medidas tecnol\u00f3xicas necesarias para evitalo.<\/p><h3 style=\"font-size: 15px; font-weight: 600; margin: 1.25rem 0 0.5rem;\">6. MODIFICACI\u00d3NS<\/h3><p>Congelados Sarrianos, SL res\u00e9rvase o dereito de realizar as modificaci\u00f3ns que considere oportunas no seu sitio web sen previo aviso, podendo cambiar, suprimir ou engadir tanto os contidos e servizos que se prestan a trav\u00e9s del, como a forma en que estes aparecen presentados ou localizados no seu sitio web.<\/p><h3 style=\"font-size: 15px; font-weight: 600; margin: 1.25rem 0 0.5rem;\">7. LIGAZ\u00d3NS<\/h3><p>No caso de que www.congeladossarrianos.com conte\u00f1a ligaz\u00f3ns ou hiperligaz\u00f3ns a outros sitios web, Congelados Sarrianos, SL non exercer\u00e1 ning\u00fan control sobre ditos sitios e o seu contido. En ning\u00fan caso Congelados Sarrianos, SL asumir\u00e1 ningunha responsabilidade polo contido de ningunha ligaz\u00f3n pertencente a un sitio web de terceiros, nin garantir\u00e1 a dispo\u00f1ibilidade t\u00e9cnica, calidade, fiabilidade, exactitude, integridade, veracidade, validez ou legalidade de ning\u00fan material ou informaci\u00f3n contida en ningunha destas hiperligaz\u00f3ns ou outros sitios web. Do mesmo xeito, a inclusi\u00f3n destas ligaz\u00f3ns externas non implica ning\u00fan tipo de asociaci\u00f3n, fusi\u00f3n ou participaci\u00f3n coas entidades vinculadas.  <\/p><h3 style=\"font-size: 15px; font-weight: 600; margin: 1.25rem 0 0.5rem;\">8. DEREITO DE EXCLUSI\u00d3N<\/h3><p>Congelados Sarrianos, SL res\u00e9rvase o dereito de denegar ou retirar o acceso ao portal e\/ou os servizos ofrecidos sen necesidade de preaviso, a petici\u00f3n propia ou dun terceiro, a aqueles usuarios que incumpran as presentes Condici\u00f3ns Xerais de Uso.<\/p><h3 style=\"font-size: 15px; font-weight: 600; margin: 1.25rem 0 0.5rem;\">9. INFORMACI\u00d3N XERAL<\/h3><p>Congelados Sarrianos, SL perseguir\u00e1 o incumprimento destas condici\u00f3ns, as\u00ed como calquera utilizaci\u00f3n indebida do seu portal, exercendo todas as acci\u00f3ns civ\u00eds e penais que lle poidan corresponder en dereito.<\/p><h3 style=\"font-size: 15px; font-weight: 600; margin: 1.25rem 0 0.5rem;\">10. MODIFICACI\u00d3N DAS ESTAS CONDICI\u00d3NS E DURACI\u00d3N<\/h3><p>Congelados Sarrianos, SL poder\u00e1 modificar estas condici\u00f3ns xerais en calquera momento, e ditas modificaci\u00f3ns ser\u00e1n debidamente publicadas tal e como aparecen aqu\u00ed. A validez destas condici\u00f3ns xerais depender\u00e1 da s\u00faa publicaci\u00f3n e permanecer\u00e1n en vigor ata que sexan modificadas por outras debidamente publicadas. <\/p><h3 style=\"font-size: 15px; font-weight: 600; margin: 1.25rem 0 0.5rem;\">11. LEI APLICABLE E XURISDICI\u00d3N<\/h3><p>A relaci\u00f3n entre Congelados Sarrianos, SL e o USUARIO rexerase pola lexislaci\u00f3n espa\u00f1ola vixente e calquera controversia someterase aos Xulgados e Tribunais competentes.<\/p><\/div>\t\t\t\t\t\t\t\t<\/div>\n\t\t\t\t\t<\/div>\n\t\t\t\t<\/div>\n\t\t\t\t<\/div>\n\t\t","protected":false},"excerpt":{"rendered":"<p>\u00daltima actualizaci\u00f3n: abril de 2026 En cumprimento do disposto no artigo 10 da Lei 34\/2002, do 11 de xullo, de [&hellip;]<\/p>\n","protected":false},"author":1,"featured_media":0,"parent":0,"menu_order":0,"comment_status":"closed","ping_status":"closed","template":"","meta":{"site-sidebar-layout":"default","site-content-layout":"","ast-site-content-layout":"default","site-content-style":"default","site-sidebar-style":"default","ast-global-header-display":"","ast-banner-title-visibility":"","ast-main-header-display":"","ast-hfb-above-header-display":"","ast-hfb-below-header-display":"","ast-hfb-mobile-header-display":"","site-post-title":"","ast-breadcrumbs-content":"","ast-featured-img":"","footer-sml-layout":"","theme-transparent-header-meta":"","adv-header-id-meta":"","stick-header-meta":"","header-above-stick-meta":"","header-main-stick-meta":"","header-below-stick-meta":"","astra-migrate-meta-layouts":"default","ast-page-background-enabled":"default","ast-page-background-meta":{"desktop":{"background-color":"var(--ast-global-color-5)","background-image":"","background-repeat":"repeat","background-position":"center center","background-size":"auto","background-attachment":"scroll","background-type":"","background-media":"","overlay-type":"","overlay-color":"","overlay-opacity":"","overlay-gradient":""},"tablet":{"background-color":"","background-image":"","background-repeat":"repeat","background-position":"center center","background-size":"auto","background-attachment":"scroll","background-type":"","background-media":"","overlay-type":"","overlay-color":"","overlay-opacity":"","overlay-gradient":""},"mobile":{"background-color":"","background-image":"","background-repeat":"repeat","background-position":"center center","background-size":"auto","background-attachment":"scroll","background-type":"","background-media":"","overlay-type":"","overlay-color":"","overlay-opacity":"","overlay-gradient":""}},"ast-content-background-meta":{"desktop":{"background-color":"var(--ast-global-color-4)","background-image":"","background-repeat":"repeat","background-position":"center center","background-size":"auto","background-attachment":"scroll","background-type":"","background-media":"","overlay-type":"","overlay-color":"","overlay-opacity":"","overlay-gradient":""},"tablet":{"background-color":"var(--ast-global-color-4)","background-image":"","background-repeat":"repeat","background-position":"center center","background-size":"auto","background-attachment":"scroll","background-type":"","background-media":"","overlay-type":"","overlay-color":"","overlay-opacity":"","overlay-gradient":""},"mobile":{"background-color":"var(--ast-global-color-4)","background-image":"","background-repeat":"repeat","background-position":"center center","background-size":"auto","background-attachment":"scroll","background-type":"","background-media":"","overlay-type":"","overlay-color":"","overlay-opacity":"","overlay-gradient":""}},"footnotes":""},"class_list":["post-982","page","type-page","status-publish","hentry"],"_links":{"self":[{"href":"https:\/\/congeladossarrianos.es\/gl\/wp-json\/wp\/v2\/pages\/982","targetHints":{"allow":["GET"]}}],"collection":[{"href":"https:\/\/congeladossarrianos.es\/gl\/wp-json\/wp\/v2\/pages"}],"about":[{"href":"https:\/\/congeladossarrianos.es\/gl\/wp-json\/wp\/v2\/types\/page"}],"author":[{"embeddable":true,"href":"https:\/\/congeladossarrianos.es\/gl\/wp-json\/wp\/v2\/users\/1"}],"replies":[{"embeddable":true,"href":"https:\/\/congeladossarrianos.es\/gl\/wp-json\/wp\/v2\/comments?post=982"}],"version-history":[{"count":3,"href":"https:\/\/congeladossarrianos.es\/gl\/wp-json\/wp\/v2\/pages\/982\/revisions"}],"predecessor-version":[{"id":1163,"href":"https:\/\/congeladossarrianos.es\/gl\/wp-json\/wp\/v2\/pages\/982\/revisions\/1163"}],"wp:attachment":[{"href":"https:\/\/congeladossarrianos.es\/gl\/wp-json\/wp\/v2\/media?parent=982"}],"curies":[{"name":"wp","href":"https:\/\/api.w.org\/{rel}","templated":true}]}}